{"id":521,"date":"2024-11-21T16:31:42","date_gmt":"2024-11-21T19:31:42","guid":{"rendered":"https:\/\/dgbinst.wpengine.com\/beleza-transparente\/?page_id=521"},"modified":"2026-03-23T08:53:51","modified_gmt":"2026-03-23T11:53:51","slug":"nativa-spa","status":"publish","type":"page","link":"https:\/\/www.grupoboticario.com.br\/beleza-transparente\/pd-do-futuro\/nativa-spa\/","title":{"rendered":"Nativa Spa"},"content":{"rendered":"<div class=\"lazyblock-menu-flutuante-1k8SM wp-block-lazyblock-menu-flutuante\"><div class=\"menu-flutuante\">\n  <button id=\"bt-voltar\" class=\"menu-flutuante__voltar\" onclick=\"voltarPagina()\">Voltar<\/button>\n<ul><li><a href=\"\/beleza-transparente\/pd-do-futuro\/__trashed\/\">2004<\/a><\/li>\n<li><a href=\"\/beleza-transparente\/pd-do-futuro\/__trashed-4\/\">2006<\/a><\/li>\n<li><a href=\"\/beleza-transparente\/pd-do-futuro\/__trashed-2\/\">2009<\/a><\/li>\n<li><a href=\"\/beleza-transparente\/pd-do-futuro\/__trashed-3\/\">2018<\/a><\/li>\n<li><a href=\"\"><b>2019<\/b><\/a><\/li>\n<\/ul>\n<\/div>\n<\/div>\n\n\n<div style=\"height:30px\" aria-hidden=\"true\" class=\"wp-block-spacer\"><\/div>\n\n\n\n<p><strong>Nativa SPA<\/strong> \u00e9 a primeira marca<sup>1<\/sup> do mundo a utilizar o <strong>\u00d3leo de Quinoa<sup>2<\/sup> puro<\/strong>.<br>Somos os pioneiros<sup>3<\/sup> no uso do ingrediente que ajuda a estimular a produ\u00e7\u00e3o de col\u00e1geno em at\u00e9 77%<sup>4<\/sup>.<br><sup>1<\/sup>Marca de corpo e banho<br><sup>2<\/sup>Bio\u00e9ster 100% puro de Quinoa<br><sup>3<\/sup>De acordo com o servi\u00e7o GNPD da Mintel<br><sup>4<\/sup>Estudo <em>in vitro<\/em> em pele 3D do ingrediente Bio\u00e9ster de Quinoa<br><\/p>\n\n\n<div class=\"lazyblock-fundo-largura-full-novo-Zg1KYr wp-block-lazyblock-fundo-largura-full-novo\"><div class=\"largura-full \" style=\"background-color: #F5F1EB;\">\r\n      <div class=\"wrapper__medium\">\r\n    <div class=\"lazyblock-inner-blocks\">\n\n<h3 class=\"wp-block-heading has-text-align-center\">A evolu\u00e7\u00e3o de Nativa SPA<br>Bio\u00e9ster de Quinoa<\/h3>\n\n\n\n<p><\/p>\n\n\n\n<div class=\"wp-block-columns is-not-stacked-on-mobile is-layout-flex wp-container-core-columns-is-layout-9d6595d7 wp-block-columns-is-layout-flex\">\n<div class=\"wp-block-column is-layout-flow wp-block-column-is-layout-flow\">\n<p><\/p>\n<\/div>\n\n\n\n<div class=\"wp-block-column is-layout-flow wp-block-column-is-layout-flow\">\n<p class=\"has-text-align-right\"><\/p>\n<\/div>\n<\/div>\n\n\n<div class=\"lazyblock-sucessos-11WkC7 wp-block-lazyblock-sucessos\"><div class=\"wp-block-lazyblock-fundo-largura-full-novo carrossel-sucessos\">\r\n  <div class=\"wrapper\">\r\n<div class=\"swiper carrossel-sucessos__swiper\">\r\n  <div class=\"carrossel-sucessos__nav\">\r\n  <div class=\"swiper-button-prev\"><\/div>\r\n  <div class=\"swiper-button-next\"><\/div>\r\n  <\/div>\r\n  <div class=\"swiper-wrapper\">\r\n        <div class=\"swiper-slide\">\r\n            <img decoding=\"async\" src=\"https:\/\/www.grupoboticario.com.br\/beleza-transparente\/wp-content\/uploads\/sites\/7\/2025\/12\/Nativa-Spa-Uva-Merlot.png\" alt=\"\">\r\n            <h3>Nativa Spa Uva Merlot<\/h3>\r\n        <p><\/p>          <\/div>\r\n        <div class=\"swiper-slide\">\r\n            <img decoding=\"async\" src=\"https:\/\/www.grupoboticario.com.br\/beleza-transparente\/wp-content\/uploads\/sites\/7\/2025\/12\/Nativa-Spa-Cereja-Rouge.png\" alt=\"\">\r\n            <h3>Nativa Spa Cereja Rouge<\/h3>\r\n        <p><\/p>          <\/div>\r\n        <div class=\"swiper-slide\">\r\n            <img decoding=\"async\" src=\"https:\/\/www.grupoboticario.com.br\/beleza-transparente\/wp-content\/uploads\/sites\/7\/2025\/12\/Nativa-Spa-Morango-Ruby.png\" alt=\"\">\r\n            <h3>Nativa Spa Morango Ruby<\/h3>\r\n        <p><\/p>          <\/div>\r\n        <div class=\"swiper-slide\">\r\n            <img decoding=\"async\" src=\"https:\/\/www.grupoboticario.com.br\/beleza-transparente\/wp-content\/uploads\/sites\/7\/2025\/12\/Nativa-Spa-Ameixa.png\" alt=\"\">\r\n            <h3>Nativa Spa Ameixa<\/h3>\r\n        <p><\/p>          <\/div>\r\n        <div class=\"swiper-slide\">\r\n            <img decoding=\"async\" src=\"https:\/\/www.grupoboticario.com.br\/beleza-transparente\/wp-content\/uploads\/sites\/7\/2025\/12\/Nativa-Spa-Ameixa-Negra.png\" alt=\"\">\r\n            <h3>Nativa Spa Ameixa Negra<\/h3>\r\n        <p><\/p>          <\/div>\r\n        <div class=\"swiper-slide\">\r\n            <img decoding=\"async\" src=\"https:\/\/www.grupoboticario.com.br\/beleza-transparente\/wp-content\/uploads\/sites\/7\/2026\/01\/SPA_Ameixa_Dourada.png\" alt=\"\">\r\n            <h3>Nativa SPA Ameixa Dourada<\/h3>\r\n        <p><\/p>          <\/div>\r\n        <div class=\"swiper-slide\">\r\n            <img decoding=\"async\" src=\"https:\/\/www.grupoboticario.com.br\/beleza-transparente\/wp-content\/uploads\/sites\/7\/2025\/12\/Nativa-Spa-Pitaya.png\" alt=\"\">\r\n            <h3>Nativa Spa Pitaya<\/h3>\r\n        <p><\/p>          <\/div>\r\n        <div class=\"swiper-slide\">\r\n            <img decoding=\"async\" src=\"https:\/\/www.grupoboticario.com.br\/beleza-transparente\/wp-content\/uploads\/sites\/7\/2025\/12\/Nativa-Spa-Rose.png\" alt=\"\">\r\n            <h3>Nativa Spa Ros\u00e9<\/h3>\r\n        <p><\/p>          <\/div>\r\n        <div class=\"swiper-slide\">\r\n            <img decoding=\"async\" src=\"https:\/\/www.grupoboticario.com.br\/beleza-transparente\/wp-content\/uploads\/sites\/7\/2025\/12\/Nativa-Spa-Orquidea-Noire.png\" alt=\"\">\r\n            <h3>Nativa Spa Orqu\u00eddea Noire<\/h3>\r\n        <p><\/p>          <\/div>\r\n        <div class=\"swiper-slide\">\r\n            <img decoding=\"async\" src=\"https:\/\/www.grupoboticario.com.br\/beleza-transparente\/wp-content\/uploads\/sites\/7\/2025\/12\/Nativa-Spa-Jasmin-Sambac.png\" alt=\"\">\r\n            <h3>Nativa Spa Jasmin Sambac<\/h3>\r\n        <p><\/p>          <\/div>\r\n        <div class=\"swiper-slide\">\r\n            <img decoding=\"async\" src=\"https:\/\/www.grupoboticario.com.br\/beleza-transparente\/wp-content\/uploads\/sites\/7\/2026\/01\/SPA_Quinoa.png\" alt=\"\">\r\n            <h3>Nativa Spa Quinoa<\/h3>\r\n        <p><\/p>          <\/div>\r\n        <div class=\"swiper-slide\">\r\n            <img decoding=\"async\" src=\"https:\/\/www.grupoboticario.com.br\/beleza-transparente\/wp-content\/uploads\/sites\/7\/2025\/12\/Nativa-Spa-Ginseng-e-Cafeina.png\" alt=\"\">\r\n            <h3>Nativa Spa Ginseng e Cafe\u00edna<\/h3>\r\n        <p><\/p>          <\/div>\r\n      <\/div>\r\n  \r\n<\/div>\r\n<\/div>\r\n<\/div><\/div>\n\n\n<p><\/p>\n\n<\/div>\r\n  <\/div>\r\n<\/div><\/div>\n\n\n<figure class=\"wp-block-embed is-type-video is-provider-youtube wp-block-embed-youtube wp-embed-aspect-16-9 wp-has-aspect-ratio\"><div class=\"wp-block-embed__wrapper\">\n<iframe loading=\"lazy\"  id=\"_ytid_37967\"  width=\"800\" height=\"450\"  data-origwidth=\"800\" data-origheight=\"450\"  data-relstop=\"1\" src=\"https:\/\/www.youtube.com\/embed\/OasNrUMzN1c?enablejsapi=1&#038;autoplay=0&#038;cc_load_policy=0&#038;cc_lang_pref=&#038;iv_load_policy=1&#038;loop=0&#038;rel=0&#038;fs=1&#038;playsinline=0&#038;autohide=2&#038;theme=dark&#038;color=red&#038;controls=1&#038;disablekb=0&#038;\" class=\"__youtube_prefs__  epyt-is-override  no-lazyload\" title=\"YouTube player\"  allow=\"fullscreen; accelerometer; autoplay; clipboard-write; encrypted-media; gyroscope; picture-in-picture; web-share\" referrerpolicy=\"strict-origin-when-cross-origin\" allowfullscreen data-no-lazy=\"1\" data-skipgform_ajax_framebjll=\"\"><\/iframe>\n<\/div><\/figure>\n","protected":false},"excerpt":{"rendered":"<p>Nativa SPA \u00e9 a primeira marca1 do mundo a utilizar o \u00d3leo de Quinoa2 puro.Somos os pioneiros3 no uso do ingrediente que ajuda a estimular a produ\u00e7\u00e3o de col\u00e1geno em at\u00e9 77%4.1Marca de corpo e banho2Bio\u00e9ster 100% puro de Quinoa3De acordo com o servi\u00e7o GNPD da Mintel4Estudo in vitro em pele 3D do ingrediente Bio\u00e9ster [&hellip;]<\/p>\n","protected":false},"author":12,"featured_media":0,"parent":343,"menu_order":0,"comment_status":"closed","ping_status":"closed","template":"","meta":{"_acf_changed":true,"inline_featured_image":false,"footnotes":""},"class_list":["post-521","page","type-page","status-publish","hentry"],"acf":[],"yoast_head":"<!-- This site is optimized with the Yoast SEO plugin v27.4 - https:\/\/yoast.com\/product\/yoast-seo-wordpress\/ -->\n<title>Nativa Spa - Beleza Transparente<\/title>\n<meta name=\"robots\" content=\"index, follow, max-snippet:-1, max-image-preview:large, max-video-preview:-1\" \/>\n<link rel=\"canonical\" href=\"https:\/\/www.grupoboticario.com.br\/beleza-transparente\/pd-do-futuro\/nativa-spa\/\" \/>\n<meta property=\"og:locale\" content=\"pt_BR\" \/>\n<meta property=\"og:type\" content=\"article\" \/>\n<meta property=\"og:title\" content=\"Nativa Spa - Beleza Transparente\" \/>\n<meta property=\"og:description\" content=\"Nativa SPA \u00e9 a primeira marca1 do mundo a utilizar o \u00d3leo de Quinoa2 puro.Somos os pioneiros3 no uso do ingrediente que ajuda a estimular a produ\u00e7\u00e3o de col\u00e1geno em at\u00e9 77%4.1Marca de corpo e banho2Bio\u00e9ster 100% puro de Quinoa3De acordo com o servi\u00e7o GNPD da Mintel4Estudo in vitro em pele 3D do ingrediente Bio\u00e9ster [&hellip;]\" \/>\n<meta property=\"og:url\" content=\"https:\/\/www.grupoboticario.com.br\/beleza-transparente\/pd-do-futuro\/nativa-spa\/\" \/>\n<meta property=\"og:site_name\" content=\"Beleza Transparente\" \/>\n<meta property=\"article:modified_time\" content=\"2026-03-23T11:53:51+00:00\" \/>\n<meta name=\"twitter:card\" content=\"summary_large_image\" \/>\n<meta name=\"twitter:label1\" content=\"Est. tempo de leitura\" \/>\n\t<meta name=\"twitter:data1\" content=\"1 minuto\" \/>\n<script type=\"application\/ld+json\" class=\"yoast-schema-graph\">{\"@context\":\"https:\\\/\\\/schema.org\",\"@graph\":[{\"@type\":\"WebPage\",\"@id\":\"https:\\\/\\\/www.grupoboticario.com.br\\\/beleza-transparente\\\/pd-do-futuro\\\/nativa-spa\\\/\",\"url\":\"https:\\\/\\\/www.grupoboticario.com.br\\\/beleza-transparente\\\/pd-do-futuro\\\/nativa-spa\\\/\",\"name\":\"Nativa Spa - Beleza Transparente\",\"isPartOf\":{\"@id\":\"https:\\\/\\\/www.grupoboticario.com.br\\\/beleza-transparente\\\/#website\"},\"datePublished\":\"2024-11-21T19:31:42+00:00\",\"dateModified\":\"2026-03-23T11:53:51+00:00\",\"breadcrumb\":{\"@id\":\"https:\\\/\\\/www.grupoboticario.com.br\\\/beleza-transparente\\\/pd-do-futuro\\\/nativa-spa\\\/#breadcrumb\"},\"inLanguage\":\"pt-BR\",\"potentialAction\":[{\"@type\":\"ReadAction\",\"target\":[\"https:\\\/\\\/www.grupoboticario.com.br\\\/beleza-transparente\\\/pd-do-futuro\\\/nativa-spa\\\/\"]}]},{\"@type\":\"BreadcrumbList\",\"@id\":\"https:\\\/\\\/www.grupoboticario.com.br\\\/beleza-transparente\\\/pd-do-futuro\\\/nativa-spa\\\/#breadcrumb\",\"itemListElement\":[{\"@type\":\"ListItem\",\"position\":1,\"name\":\"In\u00edcio\",\"item\":\"https:\\\/\\\/www.grupoboticario.com.br\\\/beleza-transparente\\\/\"},{\"@type\":\"ListItem\",\"position\":2,\"name\":\"P&amp;D do Futuro\",\"item\":\"https:\\\/\\\/www.grupoboticario.com.br\\\/beleza-transparente\\\/pd-do-futuro\\\/\"},{\"@type\":\"ListItem\",\"position\":3,\"name\":\"Nativa Spa\"}]},{\"@type\":\"WebSite\",\"@id\":\"https:\\\/\\\/www.grupoboticario.com.br\\\/beleza-transparente\\\/#website\",\"url\":\"https:\\\/\\\/www.grupoboticario.com.br\\\/beleza-transparente\\\/\",\"name\":\"Beleza Transparente\",\"description\":\"\",\"potentialAction\":[{\"@type\":\"SearchAction\",\"target\":{\"@type\":\"EntryPoint\",\"urlTemplate\":\"https:\\\/\\\/www.grupoboticario.com.br\\\/beleza-transparente\\\/?s={search_term_string}\"},\"query-input\":{\"@type\":\"PropertyValueSpecification\",\"valueRequired\":true,\"valueName\":\"search_term_string\"}}],\"inLanguage\":\"pt-BR\"}]}<\/script>\n<!-- \/ Yoast SEO plugin. -->","yoast_head_json":{"title":"Nativa Spa - Beleza Transparente","robots":{"index":"index","follow":"follow","max-snippet":"max-snippet:-1","max-image-preview":"max-image-preview:large","max-video-preview":"max-video-preview:-1"},"canonical":"https:\/\/www.grupoboticario.com.br\/beleza-transparente\/pd-do-futuro\/nativa-spa\/","og_locale":"pt_BR","og_type":"article","og_title":"Nativa Spa - Beleza Transparente","og_description":"Nativa SPA \u00e9 a primeira marca1 do mundo a utilizar o \u00d3leo de Quinoa2 puro.Somos os pioneiros3 no uso do ingrediente que ajuda a estimular a produ\u00e7\u00e3o de col\u00e1geno em at\u00e9 77%4.1Marca de corpo e banho2Bio\u00e9ster 100% puro de Quinoa3De acordo com o servi\u00e7o GNPD da Mintel4Estudo in vitro em pele 3D do ingrediente Bio\u00e9ster [&hellip;]","og_url":"https:\/\/www.grupoboticario.com.br\/beleza-transparente\/pd-do-futuro\/nativa-spa\/","og_site_name":"Beleza Transparente","article_modified_time":"2026-03-23T11:53:51+00:00","twitter_card":"summary_large_image","twitter_misc":{"Est. tempo de leitura":"1 minuto"},"schema":{"@context":"https:\/\/schema.org","@graph":[{"@type":"WebPage","@id":"https:\/\/www.grupoboticario.com.br\/beleza-transparente\/pd-do-futuro\/nativa-spa\/","url":"https:\/\/www.grupoboticario.com.br\/beleza-transparente\/pd-do-futuro\/nativa-spa\/","name":"Nativa Spa - Beleza Transparente","isPartOf":{"@id":"https:\/\/www.grupoboticario.com.br\/beleza-transparente\/#website"},"datePublished":"2024-11-21T19:31:42+00:00","dateModified":"2026-03-23T11:53:51+00:00","breadcrumb":{"@id":"https:\/\/www.grupoboticario.com.br\/beleza-transparente\/pd-do-futuro\/nativa-spa\/#breadcrumb"},"inLanguage":"pt-BR","potentialAction":[{"@type":"ReadAction","target":["https:\/\/www.grupoboticario.com.br\/beleza-transparente\/pd-do-futuro\/nativa-spa\/"]}]},{"@type":"BreadcrumbList","@id":"https:\/\/www.grupoboticario.com.br\/beleza-transparente\/pd-do-futuro\/nativa-spa\/#breadcrumb","itemListElement":[{"@type":"ListItem","position":1,"name":"In\u00edcio","item":"https:\/\/www.grupoboticario.com.br\/beleza-transparente\/"},{"@type":"ListItem","position":2,"name":"P&amp;D do Futuro","item":"https:\/\/www.grupoboticario.com.br\/beleza-transparente\/pd-do-futuro\/"},{"@type":"ListItem","position":3,"name":"Nativa Spa"}]},{"@type":"WebSite","@id":"https:\/\/www.grupoboticario.com.br\/beleza-transparente\/#website","url":"https:\/\/www.grupoboticario.com.br\/beleza-transparente\/","name":"Beleza Transparente","description":"","potentialAction":[{"@type":"SearchAction","target":{"@type":"EntryPoint","urlTemplate":"https:\/\/www.grupoboticario.com.br\/beleza-transparente\/?s={search_term_string}"},"query-input":{"@type":"PropertyValueSpecification","valueRequired":true,"valueName":"search_term_string"}}],"inLanguage":"pt-BR"}]}},"_links":{"self":[{"href":"https:\/\/www.grupoboticario.com.br\/beleza-transparente\/wp-json\/wp\/v2\/pages\/521","targetHints":{"allow":["GET"]}}],"collection":[{"href":"https:\/\/www.grupoboticario.com.br\/beleza-transparente\/wp-json\/wp\/v2\/pages"}],"about":[{"href":"https:\/\/www.grupoboticario.com.br\/beleza-transparente\/wp-json\/wp\/v2\/types\/page"}],"author":[{"embeddable":true,"href":"https:\/\/www.grupoboticario.com.br\/beleza-transparente\/wp-json\/wp\/v2\/users\/12"}],"replies":[{"embeddable":true,"href":"https:\/\/www.grupoboticario.com.br\/beleza-transparente\/wp-json\/wp\/v2\/comments?post=521"}],"version-history":[{"count":0,"href":"https:\/\/www.grupoboticario.com.br\/beleza-transparente\/wp-json\/wp\/v2\/pages\/521\/revisions"}],"up":[{"embeddable":true,"href":"https:\/\/www.grupoboticario.com.br\/beleza-transparente\/wp-json\/wp\/v2\/pages\/343"}],"wp:attachment":[{"href":"https:\/\/www.grupoboticario.com.br\/beleza-transparente\/wp-json\/wp\/v2\/media?parent=521"}],"curies":[{"name":"wp","href":"https:\/\/api.w.org\/{rel}","templated":true}]}}