{"id":343,"date":"2024-08-27T09:38:06","date_gmt":"2024-08-27T12:38:06","guid":{"rendered":"https:\/\/dgbinst.wpengine.com\/beleza-transparente\/?page_id=343"},"modified":"2026-03-23T08:55:14","modified_gmt":"2026-03-23T11:55:14","slug":"pd-do-futuro","status":"publish","type":"page","link":"https:\/\/www.grupoboticario.com.br\/beleza-transparente\/pd-do-futuro\/","title":{"rendered":"P&amp;D do Futuro"},"content":{"rendered":"\n<div style=\"height:10px\" aria-hidden=\"true\" id=\"rumo-ao-futuro\" class=\"wp-block-spacer\"><\/div>\n\n\n\n<div class=\"wp-block-columns links-topo is-layout-flex wp-container-core-columns-is-layout-9d6595d7 wp-block-columns-is-layout-flex\">\n<div class=\"wp-block-column is-vertically-aligned-center is-layout-flow wp-block-column-is-layout-flow\">\n<h3 class=\"wp-block-heading has-text-align-center\" style=\"font-size:14px;font-style:normal;font-weight:500\"><a href=\"#rumo-ao-futuro\">RUMO AO FUTURO<\/a><\/h3>\n<\/div>\n\n\n\n<div class=\"wp-block-column is-vertically-aligned-center is-layout-flow wp-block-column-is-layout-flow\">\n<h3 class=\"wp-block-heading has-text-align-center\" style=\"font-size:14px;font-style:normal;font-weight:500\"><a href=\"#projeto-quintana\">PROJETO QUINTANA<\/a><\/h3>\n<\/div>\n\n\n\n<div class=\"wp-block-column is-vertically-aligned-center is-layout-flow wp-block-column-is-layout-flow\">\n<h3 class=\"wp-block-heading has-text-align-center\" style=\"font-size:14px;font-style:normal;font-weight:500\"><a href=\"#pilares-atuacao\">PILARES DE ATUA\u00c7\u00c3O<\/a><\/h3>\n<\/div>\n\n\n\n<div class=\"wp-block-column is-vertically-aligned-center is-layout-flow wp-block-column-is-layout-flow\">\n<h3 class=\"wp-block-heading has-text-align-center\" style=\"font-size:14px;font-style:normal;font-weight:500\"><a href=\"#nossos-sucessos\">NOSSOS SUCESSOS<\/a><\/h3>\n<\/div>\n<\/div>\n\n\n<div class=\"lazyblock-ttl-destaque-Zfl1Is wp-block-lazyblock-ttl-destaque\"><div class=\"ttl-destaque\"><div class=\"lazyblock-inner-blocks\">\n\n<p id=\"rumo-ao-futuro\" style=\"font-size:30px\"><strong>Rumo<\/strong> ao Futuro<\/p>\n\n<\/div><\/div><\/div>\n\n\n<p>Ser inovador faz parte do nosso DNA. Unimos ci\u00eancia, pesquisa e sustentabilidade para antecipar tend\u00eancias e oferecer sempre o melhor em um mercado cada vez mais din\u00e2mico, exigente e consciente.<\/p>\n\n\n\n<p>Guiados pelo que chamamos de&nbsp;<strong>&#8220;futuro da beleza&#8221;<\/strong>, identificamos temas estrat\u00e9gicos que orientam nossos investimentos e pesquisas. E, para n\u00f3s, a&nbsp;<strong>sustentabilidade<\/strong>&nbsp;n\u00e3o \u00e9 uma op\u00e7\u00e3o \u2014 \u00e9 um compromisso inegoci\u00e1vel.<\/p>\n\n\n\n<p>Por isso, estamos sempre atentos \u00e0 escassez de insumos e a pr\u00e1ticas pouco sustent\u00e1veis na obten\u00e7\u00e3o de mat\u00e9rias-primas. Foi com o prop\u00f3sito de um&nbsp;<strong>futuro mais sustent\u00e1vel<\/strong>&nbsp;que criamos o&nbsp;<strong>Projeto Quintana<\/strong>.<\/p>\n\n\n\n<p>Localizado no Polo da Beleza, em S\u00e3o Jos\u00e9 dos Pinhais-PR, o Projeto Quintana \u00e9 um centro de pesquisa dedicado a desenvolver alternativas inovadoras e sustent\u00e1veis para os ingredientes dos nossos produtos.<\/p>\n\n\n\n<p>Desde sua inaugura\u00e7\u00e3o em 2022, temos ampliado nossos esfor\u00e7os para encontrar&nbsp;<strong>ingredientes propriet\u00e1rios de origens naturais, inovadores e sustent\u00e1veis.<\/strong>&nbsp;E, a partir de 2024, intensificamos ainda mais essa busca, reafirmando nosso compromisso com o&nbsp;<strong>futuro da beleza<\/strong>.<\/p>\n\n\n\n<div style=\"height:20px\" aria-hidden=\"true\" class=\"wp-block-spacer\"><\/div>\n\n\n<div class=\"lazyblock-ttl-destaque-1tQbC7 projeto-quintana wp-block-lazyblock-ttl-destaque\"><div class=\"ttl-destaque\"><div class=\"lazyblock-inner-blocks\">\n\n<p id=\"projeto-quintana\" style=\"font-size:30px\"><strong>Projeto <\/strong>Quintana<\/p>\n\n<\/div><\/div><\/div>\n\n\n<p><strong>Nossa estrat\u00e9gia de atua\u00e7\u00e3o est\u00e1 implementada em dois pilares:<\/strong><\/p>\n\n\n\n<div class=\"wp-block-columns is-layout-flex wp-container-core-columns-is-layout-9d6595d7 wp-block-columns-is-layout-flex\">\n<div class=\"wp-block-column is-layout-flow wp-block-column-is-layout-flow\">\n<h2 class=\"wp-block-heading\">Quintana Herbal<\/h2>\n\n\n\n<div style=\"height:10px\" aria-hidden=\"true\" class=\"wp-block-spacer\"><\/div>\n\n\n\n<div class=\"wp-block-group is-vertical is-layout-flex wp-container-core-group-is-layout-8cf370e7 wp-block-group-is-layout-flex\">\n<p>Local de cultivo de aproximadamente <strong>50 esp\u00e9cies<\/strong> escolhidas criteriosamente por especialistas e que possuem elevado potencial para <strong>obten\u00e7\u00e3o de mol\u00e9culas<\/strong> com interesse olfativo e bioativo, contribuindo com a pesquisa e desenvolvimento como <strong>inspira\u00e7\u00e3o para as pr\u00f3ximas cria\u00e7\u00f5es<\/strong>.<\/p>\n\n\n\n<p>Todas as plantas ser\u00e3o avaliadas buscando seu grau m\u00e1ximo de aproveitamento durante a pesquisa, para a posterior aplica\u00e7\u00e3o no desenvolvimento de produtos de beleza que v\u00e3o chegar ao mercado nos pr\u00f3ximos anos.&nbsp;<\/p>\n<\/div>\n<\/div>\n\n\n\n<div class=\"wp-block-column is-vertically-aligned-center is-layout-flow wp-block-column-is-layout-flow\"><div class=\"wp-block-image\">\n<figure class=\"aligncenter size-full\"><img loading=\"lazy\" decoding=\"async\" width=\"960\" height=\"540\" src=\"https:\/\/www.grupoboticario.com.br\/beleza-transparente\/wp-content\/uploads\/sites\/7\/2024\/09\/Beleza-Transparente-Quintana-Herbal.png\" alt=\"\" class=\"wp-image-482\" srcset=\"https:\/\/www.grupoboticario.com.br\/beleza-transparente\/wp-content\/uploads\/sites\/7\/2024\/09\/Beleza-Transparente-Quintana-Herbal.png 960w, https:\/\/www.grupoboticario.com.br\/beleza-transparente\/wp-content\/uploads\/sites\/7\/2024\/09\/Beleza-Transparente-Quintana-Herbal-300x169.png 300w, https:\/\/www.grupoboticario.com.br\/beleza-transparente\/wp-content\/uploads\/sites\/7\/2024\/09\/Beleza-Transparente-Quintana-Herbal-768x432.png 768w, https:\/\/www.grupoboticario.com.br\/beleza-transparente\/wp-content\/uploads\/sites\/7\/2024\/09\/Beleza-Transparente-Quintana-Herbal-60x34.png 60w, https:\/\/www.grupoboticario.com.br\/beleza-transparente\/wp-content\/uploads\/sites\/7\/2024\/09\/Beleza-Transparente-Quintana-Herbal-500x280.png 500w, https:\/\/www.grupoboticario.com.br\/beleza-transparente\/wp-content\/uploads\/sites\/7\/2024\/09\/Beleza-Transparente-Quintana-Herbal-170x96.png 170w, https:\/\/www.grupoboticario.com.br\/beleza-transparente\/wp-content\/uploads\/sites\/7\/2024\/09\/Beleza-Transparente-Quintana-Herbal-260x146.png 260w, https:\/\/www.grupoboticario.com.br\/beleza-transparente\/wp-content\/uploads\/sites\/7\/2024\/09\/Beleza-Transparente-Quintana-Herbal-485x273.png 485w, https:\/\/www.grupoboticario.com.br\/beleza-transparente\/wp-content\/uploads\/sites\/7\/2024\/09\/Beleza-Transparente-Quintana-Herbal-560x315.png 560w\" sizes=\"auto, (max-width: 960px) 100vw, 960px\" \/><\/figure>\n<\/div><\/div>\n<\/div>\n\n\n\n<div style=\"height:50px\" aria-hidden=\"true\" class=\"wp-block-spacer\"><\/div>\n\n\n\n<div class=\"wp-block-columns is-layout-flex wp-container-core-columns-is-layout-9d6595d7 wp-block-columns-is-layout-flex\">\n<div class=\"wp-block-column is-vertically-aligned-center is-layout-flow wp-block-column-is-layout-flow\">\n<div class=\"wp-block-columns is-layout-flex wp-container-core-columns-is-layout-9d6595d7 wp-block-columns-is-layout-flex\">\n<div class=\"wp-block-column is-vertically-aligned-stretch is-layout-flow wp-block-column-is-layout-flow\">\n<h2 class=\"wp-block-heading\">Quintana Lab<\/h2>\n\n\n\n<p>Ber\u00e7o para o desenvolvimento de novas mat\u00e9rias-primas propriet\u00e1rias, de origem vegetal e exclusivas para uso em produtos das nossas marcas. Atuamos por meio da economia circular, qu\u00edmica verde, desenvolvimento de comunidades e de poss\u00edveis novos ativos provenientes da biodiversidade ou adaptados ao solo brasileiro.<\/p>\n\n\n\n<p id=\"pilares-atuacao\">Laborat\u00f3rio com <strong>foco em ingredientes naturais<\/strong>, estruturado com tecnologia de ponta, onde s\u00e3o processadas as esp\u00e9cies em estudo, visando o reaproveitamento m\u00e1ximo e res\u00edduo zero. Os ingredientes s\u00e3o obtidos atrav\u00e9s de m\u00e9todos extrativos que podem ser os mais tradicionais como a enfleurage, at\u00e9 os mais modernos como o CO2 Supercr\u00edtico.&nbsp;<\/p>\n\n\n\n<div style=\"height:10px\" aria-hidden=\"true\" class=\"wp-block-spacer\"><\/div>\n<\/div>\n<\/div>\n<\/div>\n<\/div>\n\n\n\n<figure class=\"wp-block-image size-full\" id=\"pilares-atuacao\"><img loading=\"lazy\" decoding=\"async\" width=\"994\" height=\"317\" src=\"https:\/\/www.grupoboticario.com.br\/beleza-transparente\/wp-content\/uploads\/sites\/7\/2024\/09\/atuacao.png\" alt=\"\" class=\"wp-image-491\" srcset=\"https:\/\/www.grupoboticario.com.br\/beleza-transparente\/wp-content\/uploads\/sites\/7\/2024\/09\/atuacao.png 994w, https:\/\/www.grupoboticario.com.br\/beleza-transparente\/wp-content\/uploads\/sites\/7\/2024\/09\/atuacao-300x96.png 300w, https:\/\/www.grupoboticario.com.br\/beleza-transparente\/wp-content\/uploads\/sites\/7\/2024\/09\/atuacao-768x245.png 768w, https:\/\/www.grupoboticario.com.br\/beleza-transparente\/wp-content\/uploads\/sites\/7\/2024\/09\/atuacao-60x19.png 60w, https:\/\/www.grupoboticario.com.br\/beleza-transparente\/wp-content\/uploads\/sites\/7\/2024\/09\/atuacao-170x54.png 170w, https:\/\/www.grupoboticario.com.br\/beleza-transparente\/wp-content\/uploads\/sites\/7\/2024\/09\/atuacao-260x83.png 260w, https:\/\/www.grupoboticario.com.br\/beleza-transparente\/wp-content\/uploads\/sites\/7\/2024\/09\/atuacao-485x155.png 485w, https:\/\/www.grupoboticario.com.br\/beleza-transparente\/wp-content\/uploads\/sites\/7\/2024\/09\/atuacao-560x179.png 560w\" sizes=\"auto, (max-width: 994px) 100vw, 994px\" \/><\/figure>\n\n\n\n<div style=\"height:10px\" aria-hidden=\"true\" id=\"nossos-sucessos\" class=\"wp-block-spacer\"><\/div>\n\n\n<div class=\"lazyblock-fundo-largura-full-novo-Zg1KYr wp-block-lazyblock-fundo-largura-full-novo\"><div class=\"largura-full \" style=\"background-color: #F5F1EB;\">\r\n      <div class=\"wrapper__medium\">\r\n    <div class=\"lazyblock-inner-blocks\">\n<div class=\"lazyblock-ttl-destaque-ZE7Sem nossos-sucessos wp-block-lazyblock-ttl-destaque\"><div class=\"ttl-destaque\"><div class=\"lazyblock-inner-blocks\">\n\n<h2 class=\"wp-block-heading\" id=\"nossos-sucessos\" style=\"font-size:30px\">Nossos sucessos<\/h2>\n\n<\/div><\/div><\/div>\n\n\n<p>Insumos pr\u00f3prios <strong>desenvolvidos no GB<\/strong><\/p>\n\n\n\n<p class=\"has-text-align-right\"><strong>Linha do tempo dos nossos segredinhos:<\/strong><\/p>\n\n\n<div class=\"lazyblock-sucessos-11WkC7 wp-block-lazyblock-sucessos\"><div class=\"wp-block-lazyblock-fundo-largura-full-novo carrossel-sucessos\">\r\n  <div class=\"wrapper\">\r\n<div class=\"swiper carrossel-sucessos__swiper\">\r\n  <div class=\"carrossel-sucessos__nav\">\r\n  <div class=\"swiper-button-prev\"><\/div>\r\n  <div class=\"swiper-button-next\"><\/div>\r\n  <\/div>\r\n  <div class=\"swiper-wrapper\">\r\n        <div class=\"swiper-slide\">\r\n            <img decoding=\"async\" src=\"https:\/\/www.grupoboticario.com.br\/beleza-transparente\/wp-content\/uploads\/sites\/7\/2024\/08\/img-malbec.png\" alt=\"\">\r\n            <h3>2004<\/h3>\r\n        <p>A jornada vision\u00e1ria de Malbec come\u00e7a em 2004, unindo vinho e perfumaria. Hoje, a marca se consagra como \u00edcone, reconhecida por inovar e se reinventar a cada lan\u00e7amento.<\/p>      <a href=\"\/beleza-transparente\/pd-do-futuro\/malbec\/\" class=\"carrossel-sucessos__btn btn\">Saiba mais<\/a>    <\/div>\r\n        <div class=\"swiper-slide\">\r\n            <img decoding=\"async\" src=\"https:\/\/www.grupoboticario.com.br\/beleza-transparente\/wp-content\/uploads\/sites\/7\/2025\/12\/img-lily.png\" alt=\"\">\r\n            <h3>2006<\/h3>\r\n        <p>Atrav\u00e9s do raro processo artesanal de enfleurage, desde de 2006 as fragr\u00e2ncias de Lily possuem em sua ess\u00eancia as melhores notas dos l\u00edrios, criando fragr\u00e2ncias \u00fanicas, delicadas e marcantes!<\/p>      <a href=\"\/beleza-transparente\/pd-do-futuro\/lily\/\" class=\"carrossel-sucessos__btn btn\">Saiba mais<\/a>    <\/div>\r\n        <div class=\"swiper-slide\">\r\n            <img decoding=\"async\" src=\"https:\/\/www.grupoboticario.com.br\/beleza-transparente\/wp-content\/uploads\/sites\/7\/2025\/12\/img-coffee.png\" alt=\"\">\r\n            <h3>2009<\/h3>\r\n        <p>Em 2009, inspirada nos mais nobres gr\u00e3os de caf\u00e9, a marca de perfumaria Coffee do Botic\u00e1rio traz fragr\u00e2ncias masculinas e femininas que encantam com sua riqueza olfativa! Sinta o aroma do caf\u00e9 no ar!<\/p>      <a href=\"\/beleza-transparente\/pd-do-futuro\/coffe\/\" class=\"carrossel-sucessos__btn btn\">Saiba mais<\/a>    <\/div>\r\n        <div class=\"swiper-slide\">\r\n            <img decoding=\"async\" src=\"https:\/\/www.grupoboticario.com.br\/beleza-transparente\/wp-content\/uploads\/sites\/7\/2025\/12\/img-nativa.png\" alt=\"\">\r\n            <h3>2017<\/h3>\r\n        <p>Bio\u00e9ster de Quinoa: Presente em diversos produtos da linha Nativa SPA,  o Bio\u00e9ster de Quinoa \u00e9 extra\u00eddo das sementes da quinoa, esse \u00f3leo precioso \u00e9 ideal para quem busca uma pele naturalmente mais<\/p>      <a href=\"\/beleza-transparente\/pd-do-futuro\/nativa-spa\/\" class=\"carrossel-sucessos__btn btn\">Saiba mais<\/a>    <\/div>\r\n        <div class=\"swiper-slide\">\r\n            <img decoding=\"async\" src=\"https:\/\/www.grupoboticario.com.br\/beleza-transparente\/wp-content\/uploads\/sites\/7\/2025\/12\/img-blend.png\" alt=\"\">\r\n            <h3>2018<\/h3>\r\n        <p>O The Blend \u00e9 inspirado no processo artesanal de destila\u00e7\u00e3o combina pimenta preta, noz moscada, cravo e canela (todos in natura) em um alambique de cobre resultando em um \u00f3leo essencial especial e exclusivo.<\/p>      <a href=\"\/beleza-transparente\/pd-do-futuro\/the-blend\/\" class=\"carrossel-sucessos__btn btn\">Saiba mais<\/a>    <\/div>\r\n        <div class=\"swiper-slide\">\r\n            <img decoding=\"async\" src=\"https:\/\/www.grupoboticario.com.br\/beleza-transparente\/wp-content\/uploads\/sites\/7\/2025\/12\/img-gardenia.png\" alt=\"\">\r\n            <h3>2024<\/h3>\r\n        <p>Lily Gard\u00e9nia traz em sua assinatura a pot\u00eancia do encontro de flores brancas majestosas. A exuber\u00e2ncia da gard\u00eania \u00e9 combinada \u00e0 for\u00e7a do l\u00edrio e das madeiras cremosas em uma fragr\u00e2ncia rica, marcante e intensa.<\/p>      <a href=\"\/beleza-transparente\/pd-do-futuro\/lily\/\" class=\"carrossel-sucessos__btn btn\">Saiba mais<\/a>    <\/div>\r\n        <div class=\"swiper-slide\">\r\n            <img decoding=\"async\" src=\"https:\/\/www.grupoboticario.com.br\/beleza-transparente\/wp-content\/uploads\/sites\/7\/2025\/12\/img-clash.png\" alt=\"\">\r\n            <h3>2025<\/h3>\r\n        <p>Uma fragr\u00e2ncia impactante do come\u00e7o ao fim, resultado da combina\u00e7\u00e3o potente de frescor e for\u00e7a. Na sa\u00edda, notas geladas e modernas combinadas \u00e0 nuance frutal aditiva. <\/p>          <\/div>\r\n      <\/div>\r\n  \r\n<\/div>\r\n<\/div>\r\n<\/div><\/div>\n<\/div>\r\n  <\/div>\r\n<\/div><\/div>","protected":false},"excerpt":{"rendered":"<p>RUMO AO FUTURO PROJETO QUINTANA PILARES DE ATUA\u00c7\u00c3O NOSSOS SUCESSOS Ser inovador faz parte do nosso DNA. Unimos ci\u00eancia, pesquisa e sustentabilidade para antecipar tend\u00eancias e oferecer sempre o melhor em um mercado cada vez mais din\u00e2mico, exigente e consciente. Guiados pelo que chamamos de&nbsp;&#8220;futuro da beleza&#8221;, identificamos temas estrat\u00e9gicos que orientam nossos investimentos e [&hellip;]<\/p>\n","protected":false},"author":12,"featured_media":0,"parent":0,"menu_order":0,"comment_status":"closed","ping_status":"closed","template":"beleza-transparente.php","meta":{"_acf_changed":false,"inline_featured_image":false,"footnotes":""},"class_list":["post-343","page","type-page","status-publish","hentry"],"acf":[],"yoast_head":"<!-- This site is optimized with the Yoast SEO plugin v27.4 - https:\/\/yoast.com\/product\/yoast-seo-wordpress\/ -->\n<title>Beleza Transparente - P&amp;D do Futuro<\/title>\n<meta name=\"description\" content=\"Pesquisamos e desenvolvemos o futuro da beleza com inova\u00e7\u00e3o, ci\u00eancia e sustentabilidade. Conhe\u00e7a o Projeto Quintana e nossos ingredientes exclusivos.\" \/>\n<meta name=\"robots\" content=\"index, follow, max-snippet:-1, max-image-preview:large, max-video-preview:-1\" \/>\n<link rel=\"canonical\" href=\"https:\/\/www.grupoboticario.com.br\/beleza-transparente\/pd-do-futuro\/\" \/>\n<meta property=\"og:locale\" content=\"pt_BR\" \/>\n<meta property=\"og:type\" content=\"article\" \/>\n<meta property=\"og:title\" content=\"Beleza Transparente - P&amp;D do Futuro\" \/>\n<meta property=\"og:description\" content=\"Pesquisamos e desenvolvemos o futuro da beleza com inova\u00e7\u00e3o, ci\u00eancia e sustentabilidade. Conhe\u00e7a o Projeto Quintana e nossos ingredientes exclusivos.\" \/>\n<meta property=\"og:url\" content=\"https:\/\/www.grupoboticario.com.br\/beleza-transparente\/pd-do-futuro\/\" \/>\n<meta property=\"og:site_name\" content=\"Beleza Transparente\" \/>\n<meta property=\"article:modified_time\" content=\"2026-03-23T11:55:14+00:00\" \/>\n<meta property=\"og:image\" content=\"https:\/\/www.grupoboticario.com.br\/beleza-transparente\/wp-content\/uploads\/sites\/7\/2024\/09\/Beleza-Transparente-Quintana-Herbal.png\" \/>\n\t<meta property=\"og:image:width\" content=\"960\" \/>\n\t<meta property=\"og:image:height\" content=\"540\" \/>\n\t<meta property=\"og:image:type\" content=\"image\/png\" \/>\n<meta name=\"twitter:card\" content=\"summary_large_image\" \/>\n<meta name=\"twitter:label1\" content=\"Est. tempo de leitura\" \/>\n\t<meta name=\"twitter:data1\" content=\"3 minutos\" \/>\n<script type=\"application\/ld+json\" class=\"yoast-schema-graph\">{\"@context\":\"https:\\\/\\\/schema.org\",\"@graph\":[{\"@type\":\"WebPage\",\"@id\":\"https:\\\/\\\/www.grupoboticario.com.br\\\/beleza-transparente\\\/pd-do-futuro\\\/\",\"url\":\"https:\\\/\\\/www.grupoboticario.com.br\\\/beleza-transparente\\\/pd-do-futuro\\\/\",\"name\":\"Beleza Transparente - P&D do Futuro\",\"isPartOf\":{\"@id\":\"https:\\\/\\\/www.grupoboticario.com.br\\\/beleza-transparente\\\/#website\"},\"primaryImageOfPage\":{\"@id\":\"https:\\\/\\\/www.grupoboticario.com.br\\\/beleza-transparente\\\/pd-do-futuro\\\/#primaryimage\"},\"image\":{\"@id\":\"https:\\\/\\\/www.grupoboticario.com.br\\\/beleza-transparente\\\/pd-do-futuro\\\/#primaryimage\"},\"thumbnailUrl\":\"https:\\\/\\\/www.grupoboticario.com.br\\\/beleza-transparente\\\/wp-content\\\/uploads\\\/sites\\\/7\\\/2024\\\/09\\\/Beleza-Transparente-Quintana-Herbal.png\",\"datePublished\":\"2024-08-27T12:38:06+00:00\",\"dateModified\":\"2026-03-23T11:55:14+00:00\",\"description\":\"Pesquisamos e desenvolvemos o futuro da beleza com inova\u00e7\u00e3o, ci\u00eancia e sustentabilidade. Conhe\u00e7a o Projeto Quintana e nossos ingredientes exclusivos.\",\"breadcrumb\":{\"@id\":\"https:\\\/\\\/www.grupoboticario.com.br\\\/beleza-transparente\\\/pd-do-futuro\\\/#breadcrumb\"},\"inLanguage\":\"pt-BR\",\"potentialAction\":[{\"@type\":\"ReadAction\",\"target\":[\"https:\\\/\\\/www.grupoboticario.com.br\\\/beleza-transparente\\\/pd-do-futuro\\\/\"]}]},{\"@type\":\"ImageObject\",\"inLanguage\":\"pt-BR\",\"@id\":\"https:\\\/\\\/www.grupoboticario.com.br\\\/beleza-transparente\\\/pd-do-futuro\\\/#primaryimage\",\"url\":\"https:\\\/\\\/www.grupoboticario.com.br\\\/beleza-transparente\\\/wp-content\\\/uploads\\\/sites\\\/7\\\/2024\\\/09\\\/Beleza-Transparente-Quintana-Herbal.png\",\"contentUrl\":\"https:\\\/\\\/www.grupoboticario.com.br\\\/beleza-transparente\\\/wp-content\\\/uploads\\\/sites\\\/7\\\/2024\\\/09\\\/Beleza-Transparente-Quintana-Herbal.png\",\"width\":960,\"height\":540},{\"@type\":\"BreadcrumbList\",\"@id\":\"https:\\\/\\\/www.grupoboticario.com.br\\\/beleza-transparente\\\/pd-do-futuro\\\/#breadcrumb\",\"itemListElement\":[{\"@type\":\"ListItem\",\"position\":1,\"name\":\"In\u00edcio\",\"item\":\"https:\\\/\\\/www.grupoboticario.com.br\\\/beleza-transparente\\\/\"},{\"@type\":\"ListItem\",\"position\":2,\"name\":\"P&amp;D do Futuro\"}]},{\"@type\":\"WebSite\",\"@id\":\"https:\\\/\\\/www.grupoboticario.com.br\\\/beleza-transparente\\\/#website\",\"url\":\"https:\\\/\\\/www.grupoboticario.com.br\\\/beleza-transparente\\\/\",\"name\":\"Beleza Transparente\",\"description\":\"\",\"potentialAction\":[{\"@type\":\"SearchAction\",\"target\":{\"@type\":\"EntryPoint\",\"urlTemplate\":\"https:\\\/\\\/www.grupoboticario.com.br\\\/beleza-transparente\\\/?s={search_term_string}\"},\"query-input\":{\"@type\":\"PropertyValueSpecification\",\"valueRequired\":true,\"valueName\":\"search_term_string\"}}],\"inLanguage\":\"pt-BR\"}]}<\/script>\n<!-- \/ Yoast SEO plugin. -->","yoast_head_json":{"title":"Beleza Transparente - P&D do Futuro","description":"Pesquisamos e desenvolvemos o futuro da beleza com inova\u00e7\u00e3o, ci\u00eancia e sustentabilidade. Conhe\u00e7a o Projeto Quintana e nossos ingredientes exclusivos.","robots":{"index":"index","follow":"follow","max-snippet":"max-snippet:-1","max-image-preview":"max-image-preview:large","max-video-preview":"max-video-preview:-1"},"canonical":"https:\/\/www.grupoboticario.com.br\/beleza-transparente\/pd-do-futuro\/","og_locale":"pt_BR","og_type":"article","og_title":"Beleza Transparente - P&D do Futuro","og_description":"Pesquisamos e desenvolvemos o futuro da beleza com inova\u00e7\u00e3o, ci\u00eancia e sustentabilidade. Conhe\u00e7a o Projeto Quintana e nossos ingredientes exclusivos.","og_url":"https:\/\/www.grupoboticario.com.br\/beleza-transparente\/pd-do-futuro\/","og_site_name":"Beleza Transparente","article_modified_time":"2026-03-23T11:55:14+00:00","og_image":[{"width":960,"height":540,"url":"https:\/\/www.grupoboticario.com.br\/beleza-transparente\/wp-content\/uploads\/sites\/7\/2024\/09\/Beleza-Transparente-Quintana-Herbal.png","type":"image\/png"}],"twitter_card":"summary_large_image","twitter_misc":{"Est. tempo de leitura":"3 minutos"},"schema":{"@context":"https:\/\/schema.org","@graph":[{"@type":"WebPage","@id":"https:\/\/www.grupoboticario.com.br\/beleza-transparente\/pd-do-futuro\/","url":"https:\/\/www.grupoboticario.com.br\/beleza-transparente\/pd-do-futuro\/","name":"Beleza Transparente - P&D do Futuro","isPartOf":{"@id":"https:\/\/www.grupoboticario.com.br\/beleza-transparente\/#website"},"primaryImageOfPage":{"@id":"https:\/\/www.grupoboticario.com.br\/beleza-transparente\/pd-do-futuro\/#primaryimage"},"image":{"@id":"https:\/\/www.grupoboticario.com.br\/beleza-transparente\/pd-do-futuro\/#primaryimage"},"thumbnailUrl":"https:\/\/www.grupoboticario.com.br\/beleza-transparente\/wp-content\/uploads\/sites\/7\/2024\/09\/Beleza-Transparente-Quintana-Herbal.png","datePublished":"2024-08-27T12:38:06+00:00","dateModified":"2026-03-23T11:55:14+00:00","description":"Pesquisamos e desenvolvemos o futuro da beleza com inova\u00e7\u00e3o, ci\u00eancia e sustentabilidade. Conhe\u00e7a o Projeto Quintana e nossos ingredientes exclusivos.","breadcrumb":{"@id":"https:\/\/www.grupoboticario.com.br\/beleza-transparente\/pd-do-futuro\/#breadcrumb"},"inLanguage":"pt-BR","potentialAction":[{"@type":"ReadAction","target":["https:\/\/www.grupoboticario.com.br\/beleza-transparente\/pd-do-futuro\/"]}]},{"@type":"ImageObject","inLanguage":"pt-BR","@id":"https:\/\/www.grupoboticario.com.br\/beleza-transparente\/pd-do-futuro\/#primaryimage","url":"https:\/\/www.grupoboticario.com.br\/beleza-transparente\/wp-content\/uploads\/sites\/7\/2024\/09\/Beleza-Transparente-Quintana-Herbal.png","contentUrl":"https:\/\/www.grupoboticario.com.br\/beleza-transparente\/wp-content\/uploads\/sites\/7\/2024\/09\/Beleza-Transparente-Quintana-Herbal.png","width":960,"height":540},{"@type":"BreadcrumbList","@id":"https:\/\/www.grupoboticario.com.br\/beleza-transparente\/pd-do-futuro\/#breadcrumb","itemListElement":[{"@type":"ListItem","position":1,"name":"In\u00edcio","item":"https:\/\/www.grupoboticario.com.br\/beleza-transparente\/"},{"@type":"ListItem","position":2,"name":"P&amp;D do Futuro"}]},{"@type":"WebSite","@id":"https:\/\/www.grupoboticario.com.br\/beleza-transparente\/#website","url":"https:\/\/www.grupoboticario.com.br\/beleza-transparente\/","name":"Beleza Transparente","description":"","potentialAction":[{"@type":"SearchAction","target":{"@type":"EntryPoint","urlTemplate":"https:\/\/www.grupoboticario.com.br\/beleza-transparente\/?s={search_term_string}"},"query-input":{"@type":"PropertyValueSpecification","valueRequired":true,"valueName":"search_term_string"}}],"inLanguage":"pt-BR"}]}},"_links":{"self":[{"href":"https:\/\/www.grupoboticario.com.br\/beleza-transparente\/wp-json\/wp\/v2\/pages\/343","targetHints":{"allow":["GET"]}}],"collection":[{"href":"https:\/\/www.grupoboticario.com.br\/beleza-transparente\/wp-json\/wp\/v2\/pages"}],"about":[{"href":"https:\/\/www.grupoboticario.com.br\/beleza-transparente\/wp-json\/wp\/v2\/types\/page"}],"author":[{"embeddable":true,"href":"https:\/\/www.grupoboticario.com.br\/beleza-transparente\/wp-json\/wp\/v2\/users\/12"}],"replies":[{"embeddable":true,"href":"https:\/\/www.grupoboticario.com.br\/beleza-transparente\/wp-json\/wp\/v2\/comments?post=343"}],"version-history":[{"count":0,"href":"https:\/\/www.grupoboticario.com.br\/beleza-transparente\/wp-json\/wp\/v2\/pages\/343\/revisions"}],"wp:attachment":[{"href":"https:\/\/www.grupoboticario.com.br\/beleza-transparente\/wp-json\/wp\/v2\/media?parent=343"}],"curies":[{"name":"wp","href":"https:\/\/api.w.org\/{rel}","templated":true}]}}