{"id":1478,"date":"2024-04-19T17:25:54","date_gmt":"2024-04-19T20:25:54","guid":{"rendered":"https:\/\/dgbinst.wpengine.com\/b2b\/?page_id=1478"},"modified":"2026-02-27T11:19:31","modified_gmt":"2026-02-27T14:19:31","slug":"seja-um-franqueado-gb","status":"publish","type":"page","link":"https:\/\/www.grupoboticario.com.br\/b2b\/seja-um-franqueado-gb\/","title":{"rendered":"Seja Um Franqueado GB"},"content":{"rendered":"<div class=\"lazyblock-fundo-largura-full-novo-aCX9w wp-block-lazyblock-fundo-largura-full-novo\"><div class=\"largura-full \" style=\"background-color: #F5F1EB;\">\r\n      <div class=\"wrapper__medium\">\r\n    <div class=\"lazyblock-inner-blocks\">\n\n<div class=\"wp-block-columns is-layout-flex wp-container-core-columns-is-layout-9d6595d7 wp-block-columns-is-layout-flex\">\n<div class=\"wp-block-column is-layout-flow wp-block-column-is-layout-flow\"><div class=\"lazyblock-ttl-destaque-JagFA wp-block-lazyblock-ttl-destaque\"><div class=\"ttl-destaque\"><div class=\"lazyblock-inner-blocks\">\n\n<h1 class=\"wp-block-heading\">#SejaUmFranqueadoGB<\/h1>\n\n<\/div><\/div><\/div>\n\n\n<p>Distribua beleza e multiplique suas possibilidades. Para se tornar um parceiro comercial, preencha o formul\u00e1rio de cadastro. Nosso time de especialistas,&nbsp;mediante disponibilidade da regi\u00e3o informada,&nbsp;entrar\u00e1&nbsp;em contato.<\/p>\n<\/div>\n\n\n\n<div class=\"wp-block-column is-layout-flow wp-block-column-is-layout-flow\">\n<div class=\"wpcf7 no-js\" id=\"wpcf7-f1477-o1\" lang=\"pt-BR\" dir=\"ltr\" data-wpcf7-id=\"1477\">\n<div class=\"screen-reader-response\"><p role=\"status\" aria-live=\"polite\" aria-atomic=\"true\"><\/p> <ul><\/ul><\/div>\n<form action=\"\/b2b\/wp-json\/wp\/v2\/pages\/1478#wpcf7-f1477-o1\" method=\"post\" class=\"wpcf7-form init cf7mls-no-scroll cf7mls-no-moving-animation\" aria-label=\"Formul\u00e1rios de contato\" enctype=\"multipart\/form-data\" novalidate=\"novalidate\" data-status=\"init\">\n<fieldset class=\"hidden-fields-container\"><input type=\"hidden\" name=\"_wpcf7\" value=\"1477\" \/><input type=\"hidden\" name=\"_wpcf7_version\" value=\"6.1.5\" \/><input type=\"hidden\" name=\"_wpcf7_locale\" value=\"pt_BR\" \/><input type=\"hidden\" name=\"_wpcf7_unit_tag\" value=\"wpcf7-f1477-o1\" \/><input type=\"hidden\" name=\"_wpcf7_container_post\" value=\"0\" \/><input type=\"hidden\" name=\"_wpcf7_posted_data_hash\" value=\"\" \/>\n<\/fieldset>\n<div class=\"b2b__form\">\n      <div class=\"b2b__cell b2b__cell--full\">\n        <label class=\"contato-form__label\" for=\"distribuidora\">Franqueado*<\/label>\n        <span class=\"wpcf7-form-control-wrap\" data-name=\"franqueado\"><input size=\"40\" maxlength=\"400\" class=\"wpcf7-form-control wpcf7-text wpcf7-validates-as-required b2b__input\" id=\"distribuidora\" aria-required=\"true\" aria-invalid=\"false\" value=\"\" type=\"text\" name=\"franqueado\" \/><\/span>\n      <\/div>\n      <div class=\"b2b__cell b2b__cell--full\">\n        <label class=\"contato-form__label\" for=\"nomeresponsavel\">Nome do respons\u00e1vel*<\/label>\n        <span class=\"wpcf7-form-control-wrap\" data-name=\"nomeresponsavel\"><input size=\"40\" maxlength=\"400\" class=\"wpcf7-form-control wpcf7-text wpcf7-validates-as-required b2b__input\" id=\"nomeresponsavel\" aria-required=\"true\" aria-invalid=\"false\" value=\"\" type=\"text\" name=\"nomeresponsavel\" \/><\/span>\n      <\/div>\n      <div class=\"b2b__cell b2b__cell\">\n        <label class=\"contato-form__label\" for=\"contatoresponsavel\">Contato do respons\u00e1vel*<\/label>\n        <span class=\"wpcf7-form-control-wrap\" data-name=\"contatoresponsavel\"><input size=\"40\" maxlength=\"400\" class=\"wpcf7-form-control wpcf7-email wpcf7-validates-as-required wpcf7-text wpcf7-validates-as-email b2b__input\" id=\"contatoresponsavel\" aria-required=\"true\" aria-invalid=\"false\" value=\"\" type=\"email\" name=\"contatoresponsavel\" \/><\/span>\n      <\/div>\n      <div class=\"b2b__cell b2b__cell\">\n        <label class=\"contato-form__label\" for=\"cnpj\">CNPJ*<\/label>\n        <span class=\"wpcf7-form-control-wrap\" data-name=\"cnpj\"><input size=\"40\" maxlength=\"400\" class=\"wpcf7-form-control wpcf7-text wpcf7-validates-as-required b2b__input\" id=\"cnpj\" aria-required=\"true\" aria-invalid=\"false\" value=\"\" type=\"text\" name=\"cnpj\" \/><\/span>\n      <\/div>\n      <div class=\"b2b__cell b2b__cell--full\">\n        <label class=\"contato-form__label\" for=\"regiao\">Regi\u00e3o*<\/label>\n        <span class=\"wpcf7-form-control-wrap\" data-name=\"regiao\"><select class=\"wpcf7-form-control wpcf7-select wpcf7-validates-as-required b2b__select\" id=\"regiao\" aria-required=\"true\" aria-invalid=\"false\" name=\"regiao\"><option value=\"Sul\">Sul<\/option><option value=\"Sudeste\">Sudeste<\/option><option value=\"Norte\">Norte<\/option><option value=\"Nordeste\">Nordeste<\/option><option value=\"Centro Oeste\">Centro Oeste<\/option><\/select><\/span>\n      <\/div>\n\n      <div class=\"b2b__cell b2b__cell--full\">\n        <label class=\"contato-form__label\" for=\"canal\">Canal*<\/label>\n        <span class=\"wpcf7-form-control-wrap canal\"><select class=\"wpcf7-form-control wpcf7-selct_multiselct wpcf7-selct-multiselct b2b__select\" id=\"canal\" aria-invalid=\"false\" data-placeholder=\"Selecione\" data-allow-clear=\"true\" data-width=\"400px\" multiple=\"multiple\" name=\"canal[]\"><option value=\"Perfumaria\">Perfumaria<\/option><option value=\"Sal\u00f5es de beleza\">Sal\u00f5es de beleza<\/option><\/select><\/span>\n <\/div>\n\n      <div class=\"b2b__cell\">\n        <label class=\"contato-form__label\" for=\"cep\">CEP*<\/label>\n        <span class=\"wpcf7-form-control-wrap\" data-name=\"cep\"><input size=\"40\" maxlength=\"400\" class=\"wpcf7-form-control wpcf7-tel wpcf7-validates-as-required wpcf7-text wpcf7-validates-as-tel b2b__input\" id=\"cep\" aria-required=\"true\" aria-invalid=\"false\" value=\"\" type=\"tel\" name=\"cep\" \/><\/span>\n      <\/div>\n      <div class=\"b2b__cell\">\n        <label class=\"contato-form__label\" for=\"telefone\">Telefone*<\/label>\n        <span class=\"wpcf7-form-control-wrap\" data-name=\"telefone\"><input size=\"40\" maxlength=\"400\" class=\"wpcf7-form-control wpcf7-tel wpcf7-validates-as-required wpcf7-text wpcf7-validates-as-tel b2b__input\" id=\"telefone\" aria-required=\"true\" aria-invalid=\"false\" value=\"\" type=\"tel\" name=\"telefone\" \/><\/span>\n      <\/div>\n      <div class=\"b2b__cell\">\n        <label class=\"contato-form__label\" for=\"uf\">UF*<\/label>\n        <span class=\"wpcf7-form-control-wrap\" data-name=\"uf\"><select class=\"wpcf7-form-control wpcf7-select wpcf7-validates-as-required b2b__select\" id=\"uf\" aria-required=\"true\" aria-invalid=\"false\" name=\"uf\"><option value=\"AC\">AC<\/option><option value=\"AL\">AL<\/option><option value=\"AP\">AP<\/option><option value=\"AM\">AM<\/option><option value=\"BA\">BA<\/option><option value=\"CE\">CE<\/option><option value=\"DF\">DF<\/option><option value=\"ES\">ES<\/option><option value=\"GO\">GO<\/option><option value=\"MA\">MA<\/option><option value=\"MT\">MT<\/option><option value=\"MS\">MS<\/option><option value=\"MG\">MG<\/option><option value=\"PA\">PA<\/option><option value=\"PB\">PB<\/option><option value=\"PR\">PR<\/option><option value=\"PE\">PE<\/option><option value=\"PI\">PI<\/option><option value=\"RJ\">RJ<\/option><option value=\"RN\">RN<\/option><option value=\"RS\">RS<\/option><option value=\"RO\">RO<\/option><option value=\"RR\">RR<\/option><option value=\"SC\">SC<\/option><option value=\"SP\">SP<\/option><option value=\"SE\">SE<\/option><option value=\"TO\">TO<\/option><\/select><\/span>\n      <\/div>\n      <div class=\"b2b__cell\">\n        <label class=\"contato-form__label\" for=\"site\">Site<\/label>\n        <span class=\"wpcf7-form-control-wrap\" data-name=\"site\"><input size=\"40\" maxlength=\"400\" class=\"wpcf7-form-control wpcf7-url wpcf7-text wpcf7-validates-as-url b2b__input\" id=\"site\" aria-invalid=\"false\" value=\"\" type=\"url\" name=\"site\" \/><\/span>\n      <\/div>\n      <div class=\"b2b__cell\">\n        <label class=\"contato-form__label\" for=\"endereco\">Endere\u00e7o<\/label>\n        <span class=\"wpcf7-form-control-wrap\" data-name=\"endereco\"><input size=\"40\" maxlength=\"400\" class=\"wpcf7-form-control wpcf7-text b2b__input\" id=\"endereco\" aria-invalid=\"false\" value=\"\" type=\"text\" name=\"endereco\" \/><\/span>\n      <\/div>\n      <div class=\"b2b__cell\">\n        <label class=\"contato-form__label\" for=\"complemento\">Complemento<\/label>\n        <span class=\"wpcf7-form-control-wrap\" data-name=\"complemento\"><input size=\"40\" maxlength=\"400\" class=\"wpcf7-form-control wpcf7-text b2b__input\" id=\"complemento\" aria-invalid=\"false\" value=\"\" type=\"text\" name=\"complemento\" \/><\/span>\n      <\/div>\n      <div class=\"b2b__cell\">\n        <label class=\"contato-form__label\" for=\"instagram\">Instagram<\/label>\n        <span class=\"wpcf7-form-control-wrap\" data-name=\"instagram\"><input size=\"40\" maxlength=\"400\" class=\"wpcf7-form-control wpcf7-url wpcf7-text wpcf7-validates-as-url b2b__input\" id=\"instagram\" aria-invalid=\"false\" value=\"\" type=\"url\" name=\"instagram\" \/><\/span>\n      <\/div>\n      <div class=\"b2b__cell\">\n        <label class=\"contato-form__label\" for=\"linkedin\">LinkedIn<\/label>\n        <span class=\"wpcf7-form-control-wrap\" data-name=\"linkedin\"><input size=\"40\" maxlength=\"400\" class=\"wpcf7-form-control wpcf7-url wpcf7-text wpcf7-validates-as-url b2b__input\" id=\"linkedin\" aria-invalid=\"false\" value=\"\" type=\"url\" name=\"linkedin\" \/><\/span>\n      <\/div>\n\n      <div class=\"b2b__cell b2b__cell--full\">\n        <label class=\"contato-form__label\" for=\"observacoes\">Observa\u00e7\u00f5es<\/label>\n        <span class=\"wpcf7-form-control-wrap\" data-name=\"observacoes\"><textarea cols=\"40\" rows=\"4\" maxlength=\"2000\" class=\"wpcf7-form-control wpcf7-textarea b2b__input\" id=\"observacoes\" aria-invalid=\"false\" name=\"observacoes\"><\/textarea><\/span>\n      <\/div>\n\n      <div class=\"b2b__cell b2b__cell--full\">\n        <label class=\"contato-form__label\" for=\"observacoes\">Upload do Cart\u00e3o CNPJ<\/label>\n        <span class=\"wpcf7-form-control-wrap\" data-name=\"upload\"><input size=\"40\" class=\"wpcf7-form-control wpcf7-file b2b__input\" id=\"upload\" accept=\".pdf,.txt\" aria-invalid=\"false\" type=\"file\" name=\"upload\" \/><\/span>\n      <\/div>\n\n      <div class=\"b2b__cell b2b__cell--full\">\n        <p>* Campo obrigat\u00f3rio<\/p>\n        <input class=\"wpcf7-form-control wpcf7-submit has-spinner b2b__btn\" type=\"submit\" value=\"Cadastre-se\" \/>\n      <\/div>\n    <\/div><div class=\"wpcf7-response-output\" aria-hidden=\"true\"><\/div>\n<\/form>\n<\/div>\n\n<\/div>\n<\/div>\n\n<\/div>\r\n  <\/div>\r\n<\/div><\/div>","protected":false},"excerpt":{"rendered":"","protected":false},"author":8,"featured_media":0,"parent":0,"menu_order":0,"comment_status":"closed","ping_status":"closed","template":"page-b2b.php","meta":{"_acf_changed":false,"inline_featured_image":false,"footnotes":""},"class_list":["post-1478","page","type-page","status-publish","hentry"],"acf":[],"yoast_head":"<!-- This site is optimized with the Yoast SEO plugin v27.4 - https:\/\/yoast.com\/product\/yoast-seo-wordpress\/ -->\n<title>Seja Um Franqueado GB - B2B<\/title>\n<meta name=\"robots\" content=\"index, follow, max-snippet:-1, max-image-preview:large, max-video-preview:-1\" \/>\n<link rel=\"canonical\" href=\"https:\/\/www.grupoboticario.com.br\/b2b\/seja-um-franqueado-gb\/\" \/>\n<meta property=\"og:locale\" content=\"pt_BR\" \/>\n<meta property=\"og:type\" content=\"article\" \/>\n<meta property=\"og:title\" content=\"Seja Um Franqueado GB - B2B\" \/>\n<meta property=\"og:url\" content=\"https:\/\/www.grupoboticario.com.br\/b2b\/seja-um-franqueado-gb\/\" \/>\n<meta property=\"og:site_name\" content=\"B2B\" \/>\n<meta property=\"article:modified_time\" content=\"2026-02-27T14:19:31+00:00\" \/>\n<meta name=\"twitter:card\" content=\"summary_large_image\" \/>\n<meta name=\"twitter:label1\" content=\"Est. tempo de leitura\" \/>\n\t<meta name=\"twitter:data1\" content=\"1 minuto\" \/>\n<script type=\"application\/ld+json\" class=\"yoast-schema-graph\">{\"@context\":\"https:\\\/\\\/schema.org\",\"@graph\":[{\"@type\":\"WebPage\",\"@id\":\"https:\\\/\\\/www.grupoboticario.com.br\\\/b2b\\\/seja-um-franqueado-gb\\\/\",\"url\":\"https:\\\/\\\/www.grupoboticario.com.br\\\/b2b\\\/seja-um-franqueado-gb\\\/\",\"name\":\"Seja Um Franqueado GB - B2B\",\"isPartOf\":{\"@id\":\"https:\\\/\\\/www.grupoboticario.com.br\\\/b2b\\\/#website\"},\"datePublished\":\"2024-04-19T20:25:54+00:00\",\"dateModified\":\"2026-02-27T14:19:31+00:00\",\"breadcrumb\":{\"@id\":\"https:\\\/\\\/www.grupoboticario.com.br\\\/b2b\\\/seja-um-franqueado-gb\\\/#breadcrumb\"},\"inLanguage\":\"pt-BR\",\"potentialAction\":[{\"@type\":\"ReadAction\",\"target\":[\"https:\\\/\\\/www.grupoboticario.com.br\\\/b2b\\\/seja-um-franqueado-gb\\\/\"]}]},{\"@type\":\"BreadcrumbList\",\"@id\":\"https:\\\/\\\/www.grupoboticario.com.br\\\/b2b\\\/seja-um-franqueado-gb\\\/#breadcrumb\",\"itemListElement\":[{\"@type\":\"ListItem\",\"position\":1,\"name\":\"In\u00edcio\",\"item\":\"https:\\\/\\\/www.grupoboticario.com.br\\\/b2b\\\/\"},{\"@type\":\"ListItem\",\"position\":2,\"name\":\"Seja Um Franqueado GB\"}]},{\"@type\":\"WebSite\",\"@id\":\"https:\\\/\\\/www.grupoboticario.com.br\\\/b2b\\\/#website\",\"url\":\"https:\\\/\\\/www.grupoboticario.com.br\\\/b2b\\\/\",\"name\":\"B2B\",\"description\":\"\",\"potentialAction\":[{\"@type\":\"SearchAction\",\"target\":{\"@type\":\"EntryPoint\",\"urlTemplate\":\"https:\\\/\\\/www.grupoboticario.com.br\\\/b2b\\\/?s={search_term_string}\"},\"query-input\":{\"@type\":\"PropertyValueSpecification\",\"valueRequired\":true,\"valueName\":\"search_term_string\"}}],\"inLanguage\":\"pt-BR\"}]}<\/script>\n<!-- \/ Yoast SEO plugin. -->","yoast_head_json":{"title":"Seja Um Franqueado GB - B2B","robots":{"index":"index","follow":"follow","max-snippet":"max-snippet:-1","max-image-preview":"max-image-preview:large","max-video-preview":"max-video-preview:-1"},"canonical":"https:\/\/www.grupoboticario.com.br\/b2b\/seja-um-franqueado-gb\/","og_locale":"pt_BR","og_type":"article","og_title":"Seja Um Franqueado GB - B2B","og_url":"https:\/\/www.grupoboticario.com.br\/b2b\/seja-um-franqueado-gb\/","og_site_name":"B2B","article_modified_time":"2026-02-27T14:19:31+00:00","twitter_card":"summary_large_image","twitter_misc":{"Est. tempo de leitura":"1 minuto"},"schema":{"@context":"https:\/\/schema.org","@graph":[{"@type":"WebPage","@id":"https:\/\/www.grupoboticario.com.br\/b2b\/seja-um-franqueado-gb\/","url":"https:\/\/www.grupoboticario.com.br\/b2b\/seja-um-franqueado-gb\/","name":"Seja Um Franqueado GB - B2B","isPartOf":{"@id":"https:\/\/www.grupoboticario.com.br\/b2b\/#website"},"datePublished":"2024-04-19T20:25:54+00:00","dateModified":"2026-02-27T14:19:31+00:00","breadcrumb":{"@id":"https:\/\/www.grupoboticario.com.br\/b2b\/seja-um-franqueado-gb\/#breadcrumb"},"inLanguage":"pt-BR","potentialAction":[{"@type":"ReadAction","target":["https:\/\/www.grupoboticario.com.br\/b2b\/seja-um-franqueado-gb\/"]}]},{"@type":"BreadcrumbList","@id":"https:\/\/www.grupoboticario.com.br\/b2b\/seja-um-franqueado-gb\/#breadcrumb","itemListElement":[{"@type":"ListItem","position":1,"name":"In\u00edcio","item":"https:\/\/www.grupoboticario.com.br\/b2b\/"},{"@type":"ListItem","position":2,"name":"Seja Um Franqueado GB"}]},{"@type":"WebSite","@id":"https:\/\/www.grupoboticario.com.br\/b2b\/#website","url":"https:\/\/www.grupoboticario.com.br\/b2b\/","name":"B2B","description":"","potentialAction":[{"@type":"SearchAction","target":{"@type":"EntryPoint","urlTemplate":"https:\/\/www.grupoboticario.com.br\/b2b\/?s={search_term_string}"},"query-input":{"@type":"PropertyValueSpecification","valueRequired":true,"valueName":"search_term_string"}}],"inLanguage":"pt-BR"}]}},"_links":{"self":[{"href":"https:\/\/www.grupoboticario.com.br\/b2b\/wp-json\/wp\/v2\/pages\/1478","targetHints":{"allow":["GET"]}}],"collection":[{"href":"https:\/\/www.grupoboticario.com.br\/b2b\/wp-json\/wp\/v2\/pages"}],"about":[{"href":"https:\/\/www.grupoboticario.com.br\/b2b\/wp-json\/wp\/v2\/types\/page"}],"author":[{"embeddable":true,"href":"https:\/\/www.grupoboticario.com.br\/b2b\/wp-json\/wp\/v2\/users\/8"}],"replies":[{"embeddable":true,"href":"https:\/\/www.grupoboticario.com.br\/b2b\/wp-json\/wp\/v2\/comments?post=1478"}],"version-history":[{"count":0,"href":"https:\/\/www.grupoboticario.com.br\/b2b\/wp-json\/wp\/v2\/pages\/1478\/revisions"}],"wp:attachment":[{"href":"https:\/\/www.grupoboticario.com.br\/b2b\/wp-json\/wp\/v2\/media?parent=1478"}],"curies":[{"name":"wp","href":"https:\/\/api.w.org\/{rel}","templated":true}]}}